{"id":62,"date":"2019-07-01T09:42:35","date_gmt":"2019-07-01T08:42:35","guid":{"rendered":"https:\/\/testwoo.com\/bowersinit\/?post_type=product&#038;p=44"},"modified":"2025-11-21T08:12:08","modified_gmt":"2025-11-21T08:12:08","slug":"intermediate-advanced-women","status":"publish","type":"product","link":"https:\/\/skihirelesgets.com\/fr\/product\/intermediate-advanced-women\/","title":{"rendered":"Interm\u00e9diaire \/ Avanc\u00e9"},"content":{"rendered":"","protected":false},"excerpt":{"rendered":"<p>\u00c9quipement  performant con\u00e7u pour vous pousser, offrant adh\u00e9rence et contr\u00f4le.<\/p>\n","protected":false},"featured_media":8598,"template":"","meta":{"_acf_changed":false},"product_brand":[],"product_cat":[22],"product_tag":[],"class_list":{"0":"post-62","1":"product","2":"type-product","3":"status-publish","4":"has-post-thumbnail","6":"product_cat-women-skis","8":"first","9":"instock","10":"virtual","11":"sold-individually","12":"purchasable","13":"product-type-booking"},"exclude_global_add_ons":false,"addons":[{"name":"Boots","type":"checkbox","position":0,"required":false,"title_format":"label","default":"","description_enable":true,"description":"price is per day","placeholder_enable":false,"placeholder":"","display":"select","restrictions_type":"any_text","adjust_price":false,"price":"","price_type":"flat_fee","restrictions":false,"min":"0","max":"0","options":[{"label":"I dont want boots\/Je ne veux pas de chaussures","price":"-5","price_type":"quantity_based","image":0,"visibility":true}],"id":1731665174},{"name":"Helmet","type":"checkbox","position":1,"required":false,"title_format":"label","default":"","description_enable":true,"description":"price is per day","placeholder_enable":false,"placeholder":"","display":"select","restrictions_type":"any_text","adjust_price":false,"price":"","price_type":"flat_fee","restrictions":false,"min":"0","max":"0","options":[{"label":"I want a helmet\/Je veux un casque","price":"4","price_type":"quantity_based","image":0,"visibility":true}],"id":1731665175},{"name":"Full Name","type":"custom_text","position":0,"required":false,"title_format":"label","default":"","description_enable":false,"description":"","placeholder_enable":false,"placeholder":"","display":"select","restrictions_type":"any_text","adjust_price":false,"price":"","price_type":"flat_fee","restrictions":false,"min":"0","max":"0","options":[],"id":1760438552},{"name":"Age","type":"custom_text","position":1,"required":false,"title_format":"label","default":"","description_enable":false,"description":"","placeholder_enable":false,"placeholder":"","display":"select","restrictions_type":"any_text","adjust_price":false,"price":"","price_type":"flat_fee","restrictions":false,"min":"0","max":"0","options":[],"id":1760436421},{"name":"Height","type":"custom_text","position":2,"required":false,"title_format":"label","default":"","description_enable":false,"description":"","placeholder_enable":true,"placeholder":"cm","display":"select","restrictions_type":"any_text","adjust_price":false,"price":"","price_type":"flat_fee","restrictions":false,"min":"0","max":"0","options":[],"id":1760436422},{"name":"Weight","type":"custom_text","position":3,"required":false,"title_format":"label","default":"","description_enable":false,"description":"","placeholder_enable":true,"placeholder":"kg","display":"select","restrictions_type":"any_text","adjust_price":false,"price":"","price_type":"flat_fee","restrictions":false,"min":"0","max":"0","options":[],"id":1760436423},{"name":"Experience","type":"custom_textarea","position":4,"required":false,"title_format":"label","default":"","description_enable":false,"description":"","placeholder_enable":false,"placeholder":"","display":"select","restrictions_type":"any_text","adjust_price":false,"price":"","price_type":"flat_fee","restrictions":false,"min":"0","max":"0","options":[],"id":1760436424},{"name":"Comment","type":"custom_textarea","position":5,"required":false,"title_format":"label","default":"","description_enable":false,"description":"","placeholder_enable":false,"placeholder":"","display":"select","restrictions_type":"any_text","adjust_price":false,"price":"","price_type":"flat_fee","restrictions":false,"min":"0","max":"0","options":[],"id":1760436425},{"name":"Boot Size","type":"multiple_choice","position":6,"required":false,"title_format":"label","default":"","description_enable":false,"description":"","placeholder_enable":false,"placeholder":"","display":"select","restrictions_type":"any_text","adjust_price":false,"price":"","price_type":"flat_fee","restrictions":false,"min":"0","max":"0","options":[{"label":"UK 7 child \/ EUR 25","price":"","price_type":"flat_fee","image":0,"visibility":true},{"label":"UK 8 child \/ EUR 26","price":"","price_type":"flat_fee","image":0,"visibility":true},{"label":"UK 9 child \/ EUR 27","price":"","price_type":"flat_fee","image":0,"visibility":true},{"label":"UK 10 child \/ EUR 28","price":"","price_type":"flat_fee","image":0,"visibility":true},{"label":"UK 11 child \/ EUR 29","price":"","price_type":"flat_fee","image":0,"visibility":true},{"label":"UK 12 child \/ EU 30","price":"","price_type":"flat_fee","image":0,"visibility":true},{"label":"UK 13 child \/ EU 31","price":"","price_type":"flat_fee","image":0,"visibility":true},{"label":"UK 13.5 child \/ EUR 32","price":"","price_type":"flat_fee","image":0,"visibility":true},{"label":"UK 1 \/ EUR 33","price":"","price_type":"flat_fee","image":0,"visibility":true},{"label":"UK 2 \/ EUR 34","price":"","price_type":"flat_fee","image":0,"visibility":true},{"label":"UK 3 \/ EUR 35","price":"","price_type":"flat_fee","image":0,"visibility":true},{"label":"UK 3.5 \/ EUR 36","price":"","price_type":"flat_fee","image":0,"visibility":true},{"label":"UK 4 \/ EUR 36.5","price":"","price_type":"flat_fee","image":0,"visibility":true},{"label":"UK 4.5 \/ EUR 37","price":"","price_type":"flat_fee","image":0,"visibility":true},{"label":"UK 5 \/ EUR 38","price":"","price_type":"flat_fee","image":0,"visibility":true},{"label":"UK 5.5 \/ EUR 38.5","price":"","price_type":"flat_fee","image":0,"visibility":true},{"label":"UK 6 \/ EUR 39","price":"","price_type":"flat_fee","image":0,"visibility":true},{"label":"UK 6.5 \/ EUR 40","price":"","price_type":"flat_fee","image":0,"visibility":true},{"label":"UK 7 \/ EUR 40.5","price":"","price_type":"flat_fee","image":0,"visibility":true},{"label":"UK 7.5 \/ EUR 41","price":"","price_type":"flat_fee","image":0,"visibility":true},{"label":"UK 8 \/ EUR 42","price":"","price_type":"flat_fee","image":0,"visibility":true},{"label":"UK 8.5 \/ EUR 42.5","price":"","price_type":"flat_fee","image":0,"visibility":true},{"label":"UK 9 \/ EUR 43","price":"","price_type":"flat_fee","image":0,"visibility":true},{"label":"UK 9.5 \/ EUR 44","price":"","price_type":"flat_fee","image":0,"visibility":true},{"label":"UK 10 \/ EUR 44.5","price":"","price_type":"flat_fee","image":0,"visibility":true},{"label":"UK 10.5 \/ EUR 45","price":"","price_type":"flat_fee","image":0,"visibility":true},{"label":"UK 11 \/ EUR 45.5","price":"","price_type":"flat_fee","image":0,"visibility":true},{"label":"UK 11.5 \/ EUR 46","price":"","price_type":"flat_fee","image":0,"visibility":true},{"label":"UK 12 \/ EUR 47","price":"","price_type":"flat_fee","image":0,"visibility":true},{"label":"UK 12.5 \/ EUR 47.5","price":"","price_type":"flat_fee","image":0,"visibility":true},{"label":"UK 13 \/ EUR 48","price":"","price_type":"flat_fee","image":0,"visibility":true},{"label":"UK 13.5 \/ EUR 48.5","price":"","price_type":"flat_fee","image":0,"visibility":true},{"label":"UK 14 \/ EUR 49","price":"","price_type":"flat_fee","image":0,"visibility":true}],"id":1760438892},{"name":"Extras","type":"checkbox","position":0,"required":false,"title_format":"heading","default":"","description_enable":true,"description":"Price is per day","placeholder_enable":false,"placeholder":"","display":"select","restrictions_type":"any_text","adjust_price":false,"price":"","price_type":"flat_fee","restrictions":false,"min":"0","max":"0","options":[{"label":"I want a helmet","price":"3","price_type":"quantity_based","image":0,"visibility":true},{"label":"I dont want boots","price":"-4","price_type":"quantity_based","image":0,"visibility":true}]},{"name":"Boots","type":"checkbox","position":0,"required":true,"title_format":"heading","default":"","description_enable":true,"description":"price is per day","placeholder_enable":false,"placeholder":"","display":"select","restrictions_type":"any_text","adjust_price":false,"price":"","price_type":"flat_fee","restrictions":false,"min":"0","max":"0","options":[{"label":"I dont want boots 2","price":"6","price_type":"quantity_based","image":0,"visibility":true}]},{"name":"Helmet","type":"checkbox","position":1,"required":false,"title_format":"heading","default":"","description_enable":true,"description":"Price is per day","placeholder_enable":false,"placeholder":"","display":"select","restrictions_type":"any_text","adjust_price":false,"price":"","price_type":"flat_fee","restrictions":false,"min":"0","max":"0","options":[{"label":"I want a helmet","price":"3","price_type":"quantity_based","image":0,"visibility":true}]}],"acf":[],"_links":{"self":[{"href":"https:\/\/skihirelesgets.com\/fr\/wp-json\/wp\/v2\/product\/62","targetHints":{"allow":["GET"]}}],"collection":[{"href":"https:\/\/skihirelesgets.com\/fr\/wp-json\/wp\/v2\/product"}],"about":[{"href":"https:\/\/skihirelesgets.com\/fr\/wp-json\/wp\/v2\/types\/product"}],"wp:featuredmedia":[{"embeddable":true,"href":"https:\/\/skihirelesgets.com\/fr\/wp-json\/wp\/v2\/media\/8598"}],"wp:attachment":[{"href":"https:\/\/skihirelesgets.com\/fr\/wp-json\/wp\/v2\/media?parent=62"}],"wp:term":[{"taxonomy":"product_brand","embeddable":true,"href":"https:\/\/skihirelesgets.com\/fr\/wp-json\/wp\/v2\/product_brand?post=62"},{"taxonomy":"product_cat","embeddable":true,"href":"https:\/\/skihirelesgets.com\/fr\/wp-json\/wp\/v2\/product_cat?post=62"},{"taxonomy":"product_tag","embeddable":true,"href":"https:\/\/skihirelesgets.com\/fr\/wp-json\/wp\/v2\/product_tag?post=62"}],"curies":[{"name":"wp","href":"https:\/\/api.w.org\/{rel}","templated":true}]}}