{"id":9,"date":"2019-08-05T10:36:38","date_gmt":"2019-08-05T09:36:38","guid":{"rendered":"http:\/\/dev.rollingpixel.com\/?page_id=9"},"modified":"2026-02-24T05:43:05","modified_gmt":"2026-02-24T05:43:05","slug":"about","status":"publish","type":"page","link":"https:\/\/skihirelesgets.com\/fr\/about\/","title":{"rendered":"Le Service Madwax-Comment \u00e7a marche\u00a0?"},"content":{"rendered":"<p>R\u00e9servez vos skis et snowboards en ligne.<br \/>\nSuite \u00e0 votre commande Madwax pr\u00e9pare tout ce dont vous avez besoin pour votre s\u00e9jour en station.<br \/>\nNous pr\u00e9parons votre mat\u00e9riel et nous vous le livrerons \u00e0 votre domicile quand vous serez bien install\u00e9s.<br \/>\nQuand vous arrivez \u00e0 votre logement Madwax sera pr\u00eat \u00e0 vous livrer et \u00e0 faire un essayage du mat\u00e9riel command\u00e9. Nous demanderons que tous ceux qui veulent louer du mat\u00e9riel soient pr\u00e9sents au logement.<br \/>\nNotre passion du ski et un parc locatif du premier choix, nous permet de proposer un service au plus pr\u00e8s de vos envies.<\/p>\n<ul class=\"tick-list\">\n<li>Mat\u00e9riel entretenu soigneusement<\/li>\n<li>Aiguisage, rebouchage et fartage<\/li>\n<li>Chaussures et casques d\u00e9sinfect\u00e9s entre chaque location<\/li>\n<\/ul>\n<p>Paiement par carte d\u00e9bit\/cr\u00e9dit, euros, pay pal lors de la r\u00e9servation en ligne ou \u00e0 la livraison du mat\u00e9riel<\/p>\n<h2 style=\"text-align: center;\">En Station<\/h2>\n<p><b>\u00c0 votre arriv\u00e9e dans votre logement appelez le 06 73 06 39 41 pour confirmer un rendez-vous.<\/b><br \/>\nL\u2019essayage sera fait confortablement chez vous.<br \/>\nTout changement n\u00e9cessaire sera effectu\u00e9e dans les plus brefs d\u00e9lais.<br \/>\n\u00c0 la fin de votre s\u00e9jour la r\u00e9cup\u00e9ration du mat\u00e9riel sera effectu\u00e9e par Madwax \u00e0 votre domicile.<br \/>\nPour plus d\u2019information, rendez-vous dans la rubrique FAQ\u2019s.<\/p>","protected":false},"excerpt":{"rendered":"<p>R\u00e9servez vos skis et snowboards en ligne. Suite \u00e0 votre commande Madwax pr\u00e9pare tout ce dont vous avez besoin pour votre s\u00e9jour en station. Nous pr\u00e9parons votre mat\u00e9riel et nous vous le livrerons \u00e0 votre domicile quand vous serez bien install\u00e9s. Quand vous arrivez \u00e0 votre logement Madwax sera pr\u00eat \u00e0 vous livrer et \u00e0 [&hellip;]<\/p>\n","protected":false},"author":1,"featured_media":448,"parent":0,"menu_order":0,"comment_status":"closed","ping_status":"closed","template":"","meta":{"_acf_changed":false,"footnotes":""},"class_list":["post-9","page","type-page","status-publish","has-post-thumbnail","hentry"],"acf":[],"_links":{"self":[{"href":"https:\/\/skihirelesgets.com\/fr\/wp-json\/wp\/v2\/pages\/9","targetHints":{"allow":["GET"]}}],"collection":[{"href":"https:\/\/skihirelesgets.com\/fr\/wp-json\/wp\/v2\/pages"}],"about":[{"href":"https:\/\/skihirelesgets.com\/fr\/wp-json\/wp\/v2\/types\/page"}],"author":[{"embeddable":true,"href":"https:\/\/skihirelesgets.com\/fr\/wp-json\/wp\/v2\/users\/1"}],"replies":[{"embeddable":true,"href":"https:\/\/skihirelesgets.com\/fr\/wp-json\/wp\/v2\/comments?post=9"}],"version-history":[{"count":1,"href":"https:\/\/skihirelesgets.com\/fr\/wp-json\/wp\/v2\/pages\/9\/revisions"}],"predecessor-version":[{"id":9500,"href":"https:\/\/skihirelesgets.com\/fr\/wp-json\/wp\/v2\/pages\/9\/revisions\/9500"}],"wp:featuredmedia":[{"embeddable":true,"href":"https:\/\/skihirelesgets.com\/fr\/wp-json\/wp\/v2\/media\/448"}],"wp:attachment":[{"href":"https:\/\/skihirelesgets.com\/fr\/wp-json\/wp\/v2\/media?parent=9"}],"curies":[{"name":"wp","href":"https:\/\/api.w.org\/{rel}","templated":true}]}}