{"id":433,"date":"2019-11-08T10:13:37","date_gmt":"2019-11-08T10:13:37","guid":{"rendered":"http:\/\/dev.rollingpixel.com\/?page_id=433"},"modified":"2020-06-04T11:40:09","modified_gmt":"2020-06-04T10:40:09","slug":"terms-and-conditions","status":"publish","type":"page","link":"https:\/\/skihirelesgets.com\/fr\/terms-and-conditions\/","title":{"rendered":"Termes et conditions"},"content":{"rendered":"<p>Le client est responsable de s&rsquo;assurer que toutes les informations fournies \u00e0 Madwax sont exactes et correctes.<\/p>\n<p>Le co\u00fbt de la location est d\u00e9termin\u00e9 par la cat\u00e9gorie d&rsquo;\u00e9quipement que vous s\u00e9lectionnez et la dur\u00e9e de votre location. Nos prix sont consultables en ligne, Madwax se r\u00e9serve le droit de modifier les cat\u00e9gories et les prix \u00e0 tout moment.<\/p>\n<p>Les images de l&rsquo;\u00e9quipement affich\u00e9es sur le site Web peuvent ne pas \u00eatre le mod\u00e8le exact lou\u00e9 au client, mais l&rsquo;\u00e9quipement re\u00e7u sera d&rsquo;un niveau \u00e9quivalent.<\/p>\n<p>Le client est responsable du mat\u00e9riel pendant toute la dur\u00e9e de la location. Une fois que le client a re\u00e7u l&rsquo;\u00e9quipement, il est r\u00e9put\u00e9 \u00eatre sous contrat pour retourner l&rsquo;\u00e9quipement dans un \u00e9tat similaire. L&rsquo;usure habituelle est acceptable.<\/p>\n<p>Madwax ne fournit pas d&rsquo;assurance sp\u00e9cifique pour les \u00e9quipements endommag\u00e9s, perdus ou vol\u00e9s. Les \u00e9quipements endommag\u00e9s, perdus ou vol\u00e9s seront factur\u00e9s conform\u00e9ment au co\u00fbt de remplacement de l&rsquo;\u00e9quipement. Les clients doivent agir de mani\u00e8re \u00e0 ne pas endommager, perdre ou voler le mat\u00e9riel lou\u00e9.<\/p>\n<p>Les prix et transactions avec Madwax sont en Euros. Madwax n&rsquo;a aucun contr\u00f4le sur les taux de conversion des devises.<\/p>\n<p>Si le paiement n&rsquo;a pas \u00e9t\u00e9 effectu\u00e9 en ligne via PayPal avant l&rsquo;arriv\u00e9e, le paiement int\u00e9gral est requis pendant que le client est en station.<\/p>\n<p>Les annulations peuvent \u00eatre faites jusqu&rsquo;\u00e0 trois jours \u00e0 l&rsquo;avance en contactant Madwax et un remboursement complet sera \u00e9mis. Les annulations moins de trois jours \u00e0 l&rsquo;avance entra\u00eeneront un co\u00fbt de 25% de la valeur de la r\u00e9servation.<\/p>\n<p>Nous appr\u00e9cions tout commentaire sur le niveau de service re\u00e7u. Si vous n&rsquo;\u00eates pas satisfait de la location de votre \u00e9quipement, nous serions heureux de vous entendre. Pour le service client, veuillez envoyer un e-mail \u00e0 info@skihirelesgets.com.<\/p>\n<p>Madwax ne livre pas \u00e0 Avoriaz car il s&rsquo;agit d&rsquo;une station sans v\u00e9hicule.<\/p>\n<p>Le ski et la planche \u00e0 neige sont des activit\u00e9s intrins\u00e8quement exigeantes physiquement; qui pr\u00e9sente un \u00e9l\u00e9ment de risque. Madwax ne sera pas tenu responsable des blessures ou d\u00e9c\u00e8s r\u00e9sultant de l&rsquo;utilisation de l&rsquo;\u00e9quipement Madwax.<\/p>","protected":false},"excerpt":{"rendered":"<p>Le client est responsable de s&rsquo;assurer que toutes les informations fournies \u00e0 Madwax sont exactes et correctes. Le co\u00fbt de la location est d\u00e9termin\u00e9 par la cat\u00e9gorie d&rsquo;\u00e9quipement que vous s\u00e9lectionnez et la dur\u00e9e de votre location. Nos prix sont consultables en ligne, Madwax se r\u00e9serve le droit de modifier les cat\u00e9gories et les prix [&hellip;]<\/p>\n","protected":false},"author":1,"featured_media":0,"parent":0,"menu_order":0,"comment_status":"closed","ping_status":"closed","template":"","meta":{"_acf_changed":false,"footnotes":""},"class_list":["post-433","page","type-page","status-publish","hentry"],"acf":[],"_links":{"self":[{"href":"https:\/\/skihirelesgets.com\/fr\/wp-json\/wp\/v2\/pages\/433","targetHints":{"allow":["GET"]}}],"collection":[{"href":"https:\/\/skihirelesgets.com\/fr\/wp-json\/wp\/v2\/pages"}],"about":[{"href":"https:\/\/skihirelesgets.com\/fr\/wp-json\/wp\/v2\/types\/page"}],"author":[{"embeddable":true,"href":"https:\/\/skihirelesgets.com\/fr\/wp-json\/wp\/v2\/users\/1"}],"replies":[{"embeddable":true,"href":"https:\/\/skihirelesgets.com\/fr\/wp-json\/wp\/v2\/comments?post=433"}],"version-history":[{"count":0,"href":"https:\/\/skihirelesgets.com\/fr\/wp-json\/wp\/v2\/pages\/433\/revisions"}],"wp:attachment":[{"href":"https:\/\/skihirelesgets.com\/fr\/wp-json\/wp\/v2\/media?parent=433"}],"curies":[{"name":"wp","href":"https:\/\/api.w.org\/{rel}","templated":true}]}}