{"id":397,"date":"2019-11-05T12:48:54","date_gmt":"2019-11-05T12:48:54","guid":{"rendered":"http:\/\/dev.rollingpixel.com\/?page_id=397"},"modified":"2024-11-18T01:33:46","modified_gmt":"2024-11-18T01:33:46","slug":"faqs","status":"publish","type":"page","link":"https:\/\/skihirelesgets.com\/fr\/faqs\/","title":{"rendered":"FAQ&rsquo;s"},"content":{"rendered":"<p><div id=\"accordions-5042\" class=\"accordions-5042 accordions\" data-accordions={&quot;lazyLoad&quot;:true,&quot;id&quot;:&quot;5042&quot;,&quot;event&quot;:&quot;click&quot;,&quot;collapsible&quot;:&quot;true&quot;,&quot;heightStyle&quot;:&quot;content&quot;,&quot;animateStyle&quot;:&quot;swing&quot;,&quot;animateDelay&quot;:1000,&quot;navigation&quot;:true,&quot;active&quot;:999,&quot;expandedOther&quot;:&quot;no&quot;}>\r\n                <div id=\"accordions-lazy-5042\" class=\"accordions-lazy\" accordionsId=\"5042\">\r\n                    <\/div>\r\n\r\n    <div class=\"items\"  style=\"display:none\" >\r\n    \r\n            <div post_id=\"5042\" itemcount=\"0\"  header_id=\"header-1572958462174\" id=\"header-1572958462174\" style=\"\" class=\"accordions-head head1572958462174 border-none\" toggle-text=\"\" main-text=\"Est-ce que je dois r\u00e9server le mat\u00e9riel pour le jour d\u2019arriv\u00e9e ou le premier jour du ski ?\">\r\n                                    <span id=\"accordion-icons-1572958462174\" class=\"accordion-icons\">\r\n                        <span class=\"accordion-icon-active accordion-plus\"><i class=\"fa fas fa-chevron-up\"><\/i><\/span>\r\n                        <span class=\"accordion-icon-inactive accordion-minus\"><i class=\"fa fas fa-chevron-down\"><\/i><\/span>\r\n                    <\/span>\r\n                    <span id=\"header-text-1572958462174\" class=\"accordions-head-title\">Est-ce que je dois r\u00e9server le mat\u00e9riel pour le jour d\u2019arriv\u00e9e ou le premier jour du ski ?<\/span>\r\n                            <\/div>\r\n            <div class=\"accordion-content content1572958462174 \">\r\n                <p>Pour le premier jour du ski.<\/p>\n            <\/div>\r\n    \r\n            <div post_id=\"5042\" itemcount=\"1\"  header_id=\"header-1572958491785\" id=\"header-1572958491785\" style=\"\" class=\"accordions-head head1572958491785 border-none\" toggle-text=\"\" main-text=\"Comment modifier ma commande ?\">\r\n                                    <span id=\"accordion-icons-1572958491785\" class=\"accordion-icons\">\r\n                        <span class=\"accordion-icon-active accordion-plus\"><i class=\"fa fas fa-chevron-up\"><\/i><\/span>\r\n                        <span class=\"accordion-icon-inactive accordion-minus\"><i class=\"fa fas fa-chevron-down\"><\/i><\/span>\r\n                    <\/span>\r\n                    <span id=\"header-text-1572958491785\" class=\"accordions-head-title\">Comment modifier ma commande ?<\/span>\r\n                            <\/div>\r\n            <div class=\"accordion-content content1572958491785 \">\r\n                <p>Il suffit de nous contacter pour modifier.<\/p>\n            <\/div>\r\n    \r\n            <div post_id=\"5042\" itemcount=\"2\"  header_id=\"header-1573207306384\" id=\"header-1573207306384\" style=\"\" class=\"accordions-head head1573207306384 border-none\" toggle-text=\"\" main-text=\"Quelle mat\u00e9riel choisir selon mon niveau ?\">\r\n                                    <span id=\"accordion-icons-1573207306384\" class=\"accordion-icons\">\r\n                        <span class=\"accordion-icon-active accordion-plus\"><i class=\"fa fas fa-chevron-up\"><\/i><\/span>\r\n                        <span class=\"accordion-icon-inactive accordion-minus\"><i class=\"fa fas fa-chevron-down\"><\/i><\/span>\r\n                    <\/span>\r\n                    <span id=\"header-text-1573207306384\" class=\"accordions-head-title\">Quelle mat\u00e9riel choisir selon mon niveau ?<\/span>\r\n                            <\/div>\r\n            <div class=\"accordion-content content1573207306384 \">\r\n                <p>Madwax utilise le m\u00eame code couleur que les pistes de skis<\/p>\n<ul>\n<li>VERT D\u00e9butant<\/li>\n<li>BLEU Interm\u00e9diaire<\/li>\n<li>ROUGE Un ski plus performant pour vous permettre de progresser<\/li>\n<li>NOIR Mat\u00e9riel exclusif r\u00e9pondant a votre pratique carving\/all mountain<\/li>\n<\/ul>\n            <\/div>\r\n    \r\n            <div post_id=\"5042\" itemcount=\"3\"  header_id=\"header-1573207326741\" id=\"header-1573207326741\" style=\"\" class=\"accordions-head head1573207326741 border-none\" toggle-text=\"\" main-text=\"J\u2019ai une demande particuli\u00e8re\">\r\n                                    <span id=\"accordion-icons-1573207326741\" class=\"accordion-icons\">\r\n                        <span class=\"accordion-icon-active accordion-plus\"><i class=\"fa fas fa-chevron-up\"><\/i><\/span>\r\n                        <span class=\"accordion-icon-inactive accordion-minus\"><i class=\"fa fas fa-chevron-down\"><\/i><\/span>\r\n                    <\/span>\r\n                    <span id=\"header-text-1573207326741\" class=\"accordions-head-title\">J\u2019ai une demande particuli\u00e8re<\/span>\r\n                            <\/div>\r\n            <div class=\"accordion-content content1573207326741 \">\r\n                <p>Remplissez la rubrique \u2013 commentaire, lors de votre r\u00e9servation qu\u2019il s\u2019agisse de par exemple taille de ski\/le type de ski\/ pied large ou \u00e9troit<\/p>\n            <\/div>\r\n    \r\n            <div post_id=\"5042\" itemcount=\"4\"  header_id=\"header-1573207379380\" id=\"header-1573207379380\" style=\"\" class=\"accordions-head head1573207379380 border-none\" toggle-text=\"\" main-text=\"Si mon arriv\u00e9e est diff\u00e9r\u00e9e\">\r\n                                    <span id=\"accordion-icons-1573207379380\" class=\"accordion-icons\">\r\n                        <span class=\"accordion-icon-active accordion-plus\"><i class=\"fa fas fa-chevron-up\"><\/i><\/span>\r\n                        <span class=\"accordion-icon-inactive accordion-minus\"><i class=\"fa fas fa-chevron-down\"><\/i><\/span>\r\n                    <\/span>\r\n                    <span id=\"header-text-1573207379380\" class=\"accordions-head-title\">Si mon arriv\u00e9e est diff\u00e9r\u00e9e<\/span>\r\n                            <\/div>\r\n            <div class=\"accordion-content content1573207379380 \">\r\n                <p>Contactez-nous par t\u00e9l\u00e9phone ou sms pour nous en avertir tout simplement<\/p>\n            <\/div>\r\n    \r\n            <div post_id=\"5042\" itemcount=\"5\"  header_id=\"header-1573207392343\" id=\"header-1573207392343\" style=\"\" class=\"accordions-head head1573207392343 border-none\" toggle-text=\"\" main-text=\"Si je ne me suis pas satisfait de mon Equipement, comment le changer ?\">\r\n                                    <span id=\"accordion-icons-1573207392343\" class=\"accordion-icons\">\r\n                        <span class=\"accordion-icon-active accordion-plus\"><i class=\"fa fas fa-chevron-up\"><\/i><\/span>\r\n                        <span class=\"accordion-icon-inactive accordion-minus\"><i class=\"fa fas fa-chevron-down\"><\/i><\/span>\r\n                    <\/span>\r\n                    <span id=\"header-text-1573207392343\" class=\"accordions-head-title\">Si je ne me suis pas satisfait de mon Equipement, comment le changer ?<\/span>\r\n                            <\/div>\r\n            <div class=\"accordion-content content1573207392343 \">\r\n                <p>Contactez nous \u00e0 la fin de votre journ\u00e9e de ski pour convenir d\u2019un rendez-vous.<\/p>\n            <\/div>\r\n    \r\n            <div post_id=\"5042\" itemcount=\"6\"  header_id=\"header-1573207417982\" id=\"header-1573207417982\" style=\"\" class=\"accordions-head head1573207417982 border-none\" toggle-text=\"\" main-text=\"Comment \u00e7a se passe si le mat\u00e9riel est endommag\u00e9 ?\">\r\n                                    <span id=\"accordion-icons-1573207417982\" class=\"accordion-icons\">\r\n                        <span class=\"accordion-icon-active accordion-plus\"><i class=\"fa fas fa-chevron-up\"><\/i><\/span>\r\n                        <span class=\"accordion-icon-inactive accordion-minus\"><i class=\"fa fas fa-chevron-down\"><\/i><\/span>\r\n                    <\/span>\r\n                    <span id=\"header-text-1573207417982\" class=\"accordions-head-title\">Comment \u00e7a se passe si le mat\u00e9riel est endommag\u00e9 ?<\/span>\r\n                            <\/div>\r\n            <div class=\"accordion-content content1573207417982 \">\r\n                <p>Une utilisation respectueuse du mat\u00e9riel est n\u00e9cessaire. Il peut cependant il y avoir des impr\u00e9vus. En fonction des d\u00e9g\u00e2ts une participation appropri\u00e9e pourra \u00eatre demand\u00e9e.<\/p>\n            <\/div>\r\n    \r\n            <div post_id=\"5042\" itemcount=\"7\"  header_id=\"header-1573207429534\" id=\"header-1573207429534\" style=\"\" class=\"accordions-head head1573207429534 border-none\" toggle-text=\"\" main-text=\"Si le mat\u00e9riel est perdu ou vol\u00e9 ?\">\r\n                                    <span id=\"accordion-icons-1573207429534\" class=\"accordion-icons\">\r\n                        <span class=\"accordion-icon-active accordion-plus\"><i class=\"fa fas fa-chevron-up\"><\/i><\/span>\r\n                        <span class=\"accordion-icon-inactive accordion-minus\"><i class=\"fa fas fa-chevron-down\"><\/i><\/span>\r\n                    <\/span>\r\n                    <span id=\"header-text-1573207429534\" class=\"accordions-head-title\">Si le mat\u00e9riel est perdu ou vol\u00e9 ?<\/span>\r\n                            <\/div>\r\n            <div class=\"accordion-content content1573207429534 \">\r\n                <p>Nous voulons que vous profitiez du maximum de votre s\u00e9jour. Nous faisons tout pour remplacer le mat\u00e9riel et vous permettre de retourner sur les pistes. Le mat\u00e9riel lou\u00e9 est sous votre responsabilit\u00e9 ! Madwax ne propose pas de service d\u2019assurance. Si le mat\u00e9riel n\u2019est pas retrouv\u00e9, nous serons oblig\u00e9s de le facturer.<\/p>\n            <\/div>\r\n    \r\n            <div post_id=\"5042\" itemcount=\"8\"  header_id=\"header-1573207448914\" id=\"header-1573207448914\" style=\"\" class=\"accordions-head head1573207448914 border-none\" toggle-text=\"\" main-text=\"Comment s\u2019effectue la restitution du mat\u00e9riel en fin de s\u00e9jour ?\">\r\n                                    <span id=\"accordion-icons-1573207448914\" class=\"accordion-icons\">\r\n                        <span class=\"accordion-icon-active accordion-plus\"><i class=\"fa fas fa-chevron-up\"><\/i><\/span>\r\n                        <span class=\"accordion-icon-inactive accordion-minus\"><i class=\"fa fas fa-chevron-down\"><\/i><\/span>\r\n                    <\/span>\r\n                    <span id=\"header-text-1573207448914\" class=\"accordions-head-title\">Comment s\u2019effectue la restitution du mat\u00e9riel en fin de s\u00e9jour ?<\/span>\r\n                            <\/div>\r\n            <div class=\"accordion-content content1573207448914 \">\r\n                <p>Contactez-nous lorsque vous avez fini de skier pour convenir d'un rendez-vous.<\/p>\n            <\/div>\r\n    <\/div>\r\n\r\n\r\n\r\n            <\/div><\/p>","protected":false},"excerpt":{"rendered":"<p>D\u00e9sol\u00e9, cet article est seulement disponible en English.<\/p>\n","protected":false},"author":1,"featured_media":0,"parent":0,"menu_order":0,"comment_status":"closed","ping_status":"closed","template":"","meta":{"_acf_changed":false,"footnotes":""},"class_list":["post-397","page","type-page","status-publish","hentry"],"acf":[],"_links":{"self":[{"href":"https:\/\/skihirelesgets.com\/fr\/wp-json\/wp\/v2\/pages\/397","targetHints":{"allow":["GET"]}}],"collection":[{"href":"https:\/\/skihirelesgets.com\/fr\/wp-json\/wp\/v2\/pages"}],"about":[{"href":"https:\/\/skihirelesgets.com\/fr\/wp-json\/wp\/v2\/types\/page"}],"author":[{"embeddable":true,"href":"https:\/\/skihirelesgets.com\/fr\/wp-json\/wp\/v2\/users\/1"}],"replies":[{"embeddable":true,"href":"https:\/\/skihirelesgets.com\/fr\/wp-json\/wp\/v2\/comments?post=397"}],"version-history":[{"count":0,"href":"https:\/\/skihirelesgets.com\/fr\/wp-json\/wp\/v2\/pages\/397\/revisions"}],"wp:attachment":[{"href":"https:\/\/skihirelesgets.com\/fr\/wp-json\/wp\/v2\/media?parent=397"}],"curies":[{"name":"wp","href":"https:\/\/api.w.org\/{rel}","templated":true}]}}