{"id":32,"date":"2019-08-06T11:08:10","date_gmt":"2019-08-06T10:08:10","guid":{"rendered":"http:\/\/dev.rollingpixel.com\/?page_id=32"},"modified":"2025-10-13T10:49:46","modified_gmt":"2025-10-13T09:49:46","slug":"price-list","status":"publish","type":"page","link":"https:\/\/skihirelesgets.com\/fr\/price-list\/","title":{"rendered":"Des Prix"},"content":{"rendered":"<p><strong>\u00a0Prix en Euros<\/strong><\/p>\n<p>Les packs de ski comprennent skis, chaussures et b\u00e2tons. Les packs snowboard comprennent snowboard et boots.<\/p>\n<p>Si les chaussures ne sont pas n\u00e9cessaires, celles ci sont d\u00e9duites, voir &lsquo;chaussures non requises&rsquo;.<\/p>\n<table class=\"table-features\">\n<thead>\n<tr>\n<th>Pack<\/th>\n<th>1 jour<\/th>\n<th>2 jours<\/th>\n<th>3 jours<\/th>\n<th>4 jours<\/th>\n<th>5 jours<\/th>\n<th>6\/7 jours<\/th>\n<th>Jours +<\/th>\n<\/tr>\n<\/thead>\n<tbody>\n<tr class=\"row-heading mw_mob_hide\">\n<th>PACK SKI ADULTE<\/th>\n<td data-th=\"1 Day\"><\/td>\n<td data-th=\"2 Days\"><\/td>\n<td data-th=\"3 Days\"><\/td>\n<td data-th=\"4 Days\"><\/td>\n<td data-th=\"5 Days\"><\/td>\n<td data-th=\"6\/7 Days\"><\/td>\n<td data-th=\"Extra Days\"><\/td>\n<\/tr>\n<tr class=\"row-green\">\n<th>D\u00e9butant\/Eco<\/th>\n<td data-th=\"1 Day\">\n<div>\n<div class=\"quantity\">\n<div class=\"price\">20<\/div>\n<\/div>\n<\/div>\n<\/td>\n<td data-th=\"2 Days\">\n<div>\n<div class=\"quantity\">\n<div class=\"price\">40<\/div>\n<\/div>\n<\/div>\n<\/td>\n<td data-th=\"3 Days\">\n<div>\n<div class=\"quantity\">\n<div class=\"price\">56<\/div>\n<\/div>\n<\/div>\n<\/td>\n<td data-th=\"4 Days\">\n<div>\n<div class=\"quantity\">\n<div class=\"price\">68<\/div>\n<\/div>\n<\/div>\n<\/td>\n<td data-th=\"5 Days\">\n<div>\n<div class=\"quantity\">\n<div class=\"price\">78<\/div>\n<\/div>\n<\/div>\n<\/td>\n<td data-th=\"6\/7 Days\">\n<div>\n<div class=\"quantity\">\n<div class=\"price\">88<\/div>\n<\/div>\n<\/div>\n<\/td>\n<td data-th=\"Extra Days\">\n<div>\n<div class=\"quantity\">\n<div class=\"price\">10<\/div>\n<\/div>\n<\/div>\n<\/td>\n<\/tr>\n<tr class=\"row-blue\">\n<th>Novice\/Interm\u00e9diaire<\/th>\n<td data-th=\"1 Day\">\n<div class=\"quantity\">\n<div class=\"price\">25<\/div>\n<\/div>\n<\/td>\n<td data-th=\"2 Days\">\n<div class=\"quantity\">\n<div class=\"price\">50<\/div>\n<\/div>\n<\/td>\n<td data-th=\"3 Days\">\n<div class=\"quantity\">\n<div class=\"price\">70<\/div>\n<\/div>\n<\/td>\n<td data-th=\"4 Days\">\n<div class=\"quantity\">\n<div class=\"price\">82<\/div>\n<\/div>\n<\/td>\n<td data-th=\"5 Days\">\n<div>\n<div class=\"quantity\">\n<div class=\"price\">94<\/div>\n<\/div>\n<\/div>\n<\/td>\n<td data-th=\"6\/7 Days\">\n<div class=\"quantity\">\n<div class=\"price\">106<\/div>\n<\/div>\n<\/td>\n<td data-th=\"Extra Days\">\n<div>\n<div class=\"quantity\">\n<div class=\"price\">12<\/div>\n<\/div>\n<\/div>\n<\/td>\n<\/tr>\n<tr class=\"row-red\">\n<th>Interm\u00e9diaire\/Avanc\u00e9<\/th>\n<td data-th=\"1 Day\">\n<div>\n<div class=\"quantity\">\n<div class=\"price\">30<\/div>\n<\/div>\n<\/div>\n<\/td>\n<td data-th=\"2 Days\">\n<div>\n<div class=\"quantity\">\n<div class=\"price\">60<\/div>\n<\/div>\n<\/div>\n<\/td>\n<td data-th=\"3 Days\">\n<div class=\"quantity\">\n<div class=\"price\">85<\/div>\n<\/div>\n<\/td>\n<td data-th=\"4 Days\">\n<div>\n<div class=\"quantity\">\n<div class=\"price\">100<\/div>\n<\/div>\n<\/div>\n<\/td>\n<td data-th=\"5 Days\">\n<div>\n<div class=\"quantity\">\n<div class=\"price\">115<\/div>\n<\/div>\n<\/div>\n<\/td>\n<td data-th=\"6\/7 Days\">\n<div>\n<div class=\"quantity\">\n<div class=\"price\">130<\/div>\n<\/div>\n<\/div>\n<\/td>\n<td data-th=\"Extra Days\">\n<div>\n<div class=\"quantity\">\n<div class=\"price\">15<\/div>\n<\/div>\n<\/div>\n<\/td>\n<\/tr>\n<tr class=\"row-black\">\n<th>Avanc\u00e9\/Expert<\/th>\n<td data-th=\"1 Day\">\n<div class=\"quantity\">\n<div class=\"price\">35<\/div>\n<\/div>\n<\/td>\n<td data-th=\"2 Days\">\n<div class=\"quantity\">\n<div class=\"price\">70<\/div>\n<\/div>\n<\/td>\n<td data-th=\"3 Days\">\n<div class=\"quantity\">\n<div class=\"price\">100<\/div>\n<\/div>\n<\/td>\n<td data-th=\"4 Days\">\n<div>\n<div class=\"quantity\">\n<div class=\"price\">120<\/div>\n<\/div>\n<\/div>\n<\/td>\n<td data-th=\"5 Days\">\n<div>\n<div class=\"quantity\">\n<div class=\"price\">140<\/div>\n<\/div>\n<\/div>\n<\/td>\n<td data-th=\"6\/7 Days\">\n<div>\n<div class=\"quantity\">\n<div class=\"price\">160<\/div>\n<\/div>\n<\/div>\n<\/td>\n<td data-th=\"Extra Days\">\n<div>\n<div class=\"quantity\">\n<div class=\"price\">20<\/div>\n<\/div>\n<\/div>\n<\/td>\n<\/tr>\n<tr class=\"row-heading\">\n<th>Chaussures non requises<\/th>\n<td data-th=\"1 Day\">\n<div>\n<div class=\"quantity\">\n<div class=\"price\">-5<\/div>\n<\/div>\n<\/div>\n<\/td>\n<td data-th=\"2 Days\">\n<div>\n<div class=\"quantity\">\n<div class=\"price\">-10<\/div>\n<\/div>\n<\/div>\n<\/td>\n<td data-th=\"3 Days\">\n<div>\n<div class=\"quantity\">\n<div class=\"price\">-15<\/div>\n<\/div>\n<\/div>\n<\/td>\n<td data-th=\"4 Days\">\n<div>\n<div class=\"quantity\">\n<div class=\"price\">-20<\/div>\n<\/div>\n<\/div>\n<\/td>\n<td data-th=\"5 Days\">\n<div>\n<div class=\"quantity\">\n<div class=\"price\">-25<\/div>\n<\/div>\n<\/div>\n<\/td>\n<td data-th=\"6\/7 Days\">\n<div>\n<div class=\"quantity\">\n<div class=\"price\">-30<\/div>\n<\/div>\n<\/div>\n<\/td>\n<td data-th=\"Extra Days\">\n<div>\n<div class=\"quantity\">\n<div class=\"price\">-5<\/div>\n<\/div>\n<\/div>\n<\/td>\n<\/tr>\n<tr class=\"mw_mob_hide\">\n<th><\/th>\n<td data-th=\"1 Day\"><\/td>\n<td data-th=\"2 Days\"><\/td>\n<td data-th=\"3 Days\"><\/td>\n<td data-th=\"4 Days\"><\/td>\n<td data-th=\"5 Days\"><\/td>\n<td data-th=\"6\/7 Days\"><\/td>\n<td data-th=\"Extra Days\"><\/td>\n<\/tr>\n<tr class=\"row-heading mw_mob_hide\">\n<th>PACK SNOWBOARD ADULTE<\/th>\n<td data-th=\"1 Day\"><\/td>\n<td data-th=\"2 Days\"><\/td>\n<td data-th=\"3 Days\"><\/td>\n<td data-th=\"4 Days\"><\/td>\n<td data-th=\"5 Days\"><\/td>\n<td data-th=\"6\/7 Days\"><\/td>\n<td data-th=\"Extra Days\"><\/td>\n<\/tr>\n<tr class=\"row-blue\">\n<th>D\u00e9butant\/Eco<\/th>\n<td data-th=\"1 Day\">\n<div class=\"quantity\">\n<div class=\"price\">25<\/div>\n<\/div>\n<\/td>\n<td data-th=\"2 Days\">\n<div class=\"quantity\">\n<div class=\"price\">50<\/div>\n<\/div>\n<\/td>\n<td data-th=\"3 Days\">\n<div class=\"quantity\">\n<div class=\"price\">70<\/div>\n<\/div>\n<\/td>\n<td data-th=\"4 Days\">\n<div>\n<div class=\"quantity\">\n<div class=\"price\">82<\/div>\n<\/div>\n<\/div>\n<\/td>\n<td data-th=\"5 Days\">\n<div>\n<div class=\"quantity\">\n<div class=\"price\">94<\/div>\n<\/div>\n<\/div>\n<\/td>\n<td data-th=\"6\/7 Days\">\n<div class=\"quantity\">\n<div class=\"price\">106<\/div>\n<\/div>\n<\/td>\n<td data-th=\"Extra Days\">\n<div>\n<div class=\"quantity\">\n<div class=\"price\">12<\/div>\n<\/div>\n<\/div>\n<\/td>\n<\/tr>\n<tr class=\"row-red\">\n<th>Interm\u00e9diaire\/Avanc\u00e9<\/th>\n<td data-th=\"1 Day\">\n<div>\n<div class=\"quantity\">\n<div class=\"price\">30<\/div>\n<\/div>\n<\/div>\n<\/td>\n<td data-th=\"2 Days\">\n<div>\n<div class=\"quantity\">\n<div class=\"price\">60<\/div>\n<\/div>\n<\/div>\n<\/td>\n<td data-th=\"3 Days\">\n<div class=\"quantity\">\n<div class=\"price\">85<\/div>\n<\/div>\n<\/td>\n<td data-th=\"4 Days\">\n<div>\n<div class=\"quantity\">\n<div class=\"price\">100<\/div>\n<\/div>\n<\/div>\n<\/td>\n<td data-th=\"5 Days\">\n<div>\n<div class=\"quantity\">\n<div class=\"price\">115<\/div>\n<\/div>\n<\/div>\n<\/td>\n<td data-th=\"6\/7 Days\">\n<div>\n<div class=\"quantity\">\n<div class=\"price\">130<\/div>\n<\/div>\n<\/div>\n<\/td>\n<td data-th=\"Extra Days\">\n<div>\n<div class=\"quantity\">\n<div class=\"price\">15<\/div>\n<\/div>\n<\/div>\n<\/td>\n<\/tr>\n<tr class=\"row-heading\">\n<th>Boots non requises<\/th>\n<td data-th=\"1 Day\">\n<div>\n<div class=\"quantity\">\n<div class=\"price\">-5<\/div>\n<\/div>\n<\/div>\n<\/td>\n<td data-th=\"2 Days\">\n<div>\n<div class=\"quantity\">\n<div class=\"price\">-10<\/div>\n<\/div>\n<\/div>\n<\/td>\n<td data-th=\"3 Days\">\n<div>\n<div class=\"quantity\">\n<div class=\"price\">-15<\/div>\n<\/div>\n<\/div>\n<\/td>\n<td data-th=\"4 Days\">\n<div>\n<div class=\"quantity\">\n<div class=\"price\">-20<\/div>\n<\/div>\n<\/div>\n<\/td>\n<td data-th=\"5 Days\">\n<div>\n<div class=\"quantity\">\n<div class=\"price\">-25<\/div>\n<\/div>\n<\/div>\n<\/td>\n<td data-th=\"6\/7 Days\">\n<div>\n<div class=\"quantity\">\n<div class=\"price\">-30<\/div>\n<\/div>\n<\/div>\n<\/td>\n<td data-th=\"Extra Days\">\n<div>\n<div class=\"quantity\">\n<div class=\"price\">-5<\/div>\n<\/div>\n<\/div>\n<\/td>\n<\/tr>\n<tr class=\"mw_mob_hide\">\n<th><\/th>\n<td data-th=\"1 Day\"><\/td>\n<td data-th=\"2 Days\"><\/td>\n<td data-th=\"3 Days\"><\/td>\n<td data-th=\"4 Days\"><\/td>\n<td data-th=\"5 Days\"><\/td>\n<td data-th=\"6\/7 Days\"><\/td>\n<td data-th=\"Extra Days\"><\/td>\n<\/tr>\n<tr class=\"row-heading mw_prices_yellow\">\n<th>Casque adulte<\/th>\n<td data-th=\"1 Day\">\n<div>\n<div class=\"quantity\">\n<div class=\"price\">4<\/div>\n<\/div>\n<\/div>\n<\/td>\n<td data-th=\"2 Days\">\n<div>\n<div class=\"quantity\">\n<div class=\"price\">8<\/div>\n<\/div>\n<\/div>\n<\/td>\n<td data-th=\"3 Days\">\n<div class=\"quantity\">\n<div class=\"price\">12<\/div>\n<\/div>\n<\/td>\n<td data-th=\"4 Days\">\n<div>\n<div class=\"quantity\">\n<div class=\"price\">16<\/div>\n<\/div>\n<\/div>\n<\/td>\n<td data-th=\"5 Days\">\n<div>\n<div class=\"quantity\">\n<div class=\"price\">20<\/div>\n<\/div>\n<\/div>\n<\/td>\n<td data-th=\"6\/7 Days\">\n<div>\n<div class=\"quantity\">\n<div class=\"price\">24<\/div>\n<\/div>\n<\/div>\n<\/td>\n<td data-th=\"Extra Days\">\n<div class=\"quantity\">\n<div class=\"price\">4<\/div>\n<\/div>\n<\/td>\n<\/tr>\n<tr class=\"mw_mob_hide\">\n<th><\/th>\n<td data-th=\"1 Day\"><\/td>\n<td data-th=\"2 Days\"><\/td>\n<td data-th=\"3 Days\"><\/td>\n<td data-th=\"4 Days\"><\/td>\n<td data-th=\"5 Days\"><\/td>\n<td data-th=\"6\/7 Days\"><\/td>\n<td data-th=\"Extra Days\"><\/td>\n<\/tr>\n<tr class=\"row-heading mw_mob_hide\">\n<th>PACK SKI JUNIOR<\/th>\n<td data-th=\"1 Day\"><\/td>\n<td data-th=\"2 Days\"><\/td>\n<td data-th=\"3 Days\"><\/td>\n<td data-th=\"4 Days\"><\/td>\n<td data-th=\"5 Days\"><\/td>\n<td data-th=\"6\/7 Days\"><\/td>\n<td data-th=\"Extra Days\"><\/td>\n<\/tr>\n<tr class=\"row-green\">\n<th>Moins de 7 ans<\/th>\n<td data-th=\"1 Day\">\n<div>\n<div class=\"quantity\">\n<div class=\"price\">10<\/div>\n<\/div>\n<\/div>\n<\/td>\n<td data-th=\"2 Days\">\n<div>\n<div class=\"quantity\">\n<div class=\"price\">20<\/div>\n<\/div>\n<\/div>\n<\/td>\n<td data-th=\"3 Days\">\n<div>\n<div class=\"quantity\">\n<div class=\"price\">30<\/div>\n<\/div>\n<\/div>\n<\/td>\n<td data-th=\"4 Days\">\n<div>\n<div class=\"quantity\">\n<div class=\"price\">40<\/div>\n<\/div>\n<\/div>\n<\/td>\n<td data-th=\"5 Days\">\n<div>\n<div class=\"quantity\">\n<div class=\"price\">46<\/div>\n<\/div>\n<\/div>\n<\/td>\n<td data-th=\"6\/7 Days\">\n<div>\n<div class=\"quantity\">\n<div class=\"price\">52<\/div>\n<\/div>\n<\/div>\n<\/td>\n<td data-th=\"Extra Days\">\n<div>\n<div class=\"quantity\">\n<div class=\"price\">6<\/div>\n<\/div>\n<\/div>\n<\/td>\n<\/tr>\n<tr class=\"row-blue\">\n<th>Junior 7-11 ans<\/th>\n<td data-th=\"1 Day\">\n<div>\n<div class=\"quantity\">\n<div class=\"price\">12<\/div>\n<\/div>\n<\/div>\n<\/td>\n<td data-th=\"2 Days\">\n<div>\n<div class=\"quantity\">\n<div class=\"price\">24<\/div>\n<\/div>\n<\/div>\n<\/td>\n<td data-th=\"3 Days\">\n<div>\n<div class=\"quantity\">\n<div class=\"price\">36<\/div>\n<\/div>\n<\/div>\n<\/td>\n<td data-th=\"4 Days\">\n<div>\n<div class=\"quantity\">\n<div class=\"price\">48<\/div>\n<\/div>\n<\/div>\n<\/td>\n<td data-th=\"5 Days\">\n<div class=\"quantity\">\n<div class=\"price\">56<\/div>\n<\/div>\n<\/td>\n<td data-th=\"6\/7 Days\">\n<div class=\"quantity\">\n<div class=\"price\">64<\/div>\n<\/div>\n<\/td>\n<td data-th=\"Extra Days\">\n<div class=\"quantity\">\n<div class=\"price\">8<\/div>\n<\/div>\n<\/td>\n<\/tr>\n<tr class=\"row-red\">\n<th>Ado 12-17 ans<\/th>\n<td data-th=\"1 Day\">\n<div>\n<div class=\"quantity\">\n<div class=\"price\">15<\/div>\n<\/div>\n<\/div>\n<\/td>\n<td data-th=\"2 Days\">\n<div class=\"quantity\">\n<div class=\"price\">30<\/div>\n<\/div>\n<\/td>\n<td data-th=\"3 Days\">\n<div class=\"quantity\">\n<div class=\"price\">45<\/div>\n<\/div>\n<\/td>\n<td data-th=\"4 Days\">\n<div class=\"quantity\">\n<div class=\"price\">60<\/div>\n<\/div>\n<\/td>\n<td data-th=\"5 Days\">\n<div class=\"quantity\">\n<div class=\"price\">70<\/div>\n<\/div>\n<\/td>\n<td data-th=\"6\/7 Days\">\n<div class=\"quantity\">\n<div class=\"price\">80<\/div>\n<\/div>\n<\/td>\n<td data-th=\"Extra Days\">\n<div class=\"quantity\">\n<div class=\"price\">10<\/div>\n<\/div>\n<\/td>\n<\/tr>\n<tr class=\"mw_mob_hide\">\n<th><\/th>\n<td data-th=\"1 Day\"><\/td>\n<td data-th=\"2 Days\"><\/td>\n<td data-th=\"3 Days\"><\/td>\n<td data-th=\"4 Days\"><\/td>\n<td data-th=\"5 Days\"><\/td>\n<td data-th=\"6\/7 Days\"><\/td>\n<td data-th=\"Extra Days\"><\/td>\n<\/tr>\n<tr class=\"row-heading mw_mob_hide\">\n<th>PACK JUNIOR SNOWBOARD<\/th>\n<td data-th=\"1 Day\"><\/td>\n<td data-th=\"2 Days\"><\/td>\n<td data-th=\"3 Days\"><\/td>\n<td data-th=\"4 Days\"><\/td>\n<td data-th=\"5 Days\"><\/td>\n<td data-th=\"6\/7 Days\"><\/td>\n<td data-th=\"Extra Days\"><\/td>\n<\/tr>\n<tr class=\"row-blue\">\n<th>Junior 7-11 ans<\/th>\n<td data-th=\"1 Day\">\n<div>\n<div class=\"quantity\">\n<div class=\"price\">12<\/div>\n<\/div>\n<\/div>\n<\/td>\n<td data-th=\"2 Days\">\n<div>\n<div class=\"quantity\">\n<div class=\"price\">24<\/div>\n<\/div>\n<\/div>\n<\/td>\n<td data-th=\"3 Days\">\n<div>\n<div class=\"quantity\">\n<div class=\"price\">36<\/div>\n<\/div>\n<\/div>\n<\/td>\n<td data-th=\"4 Days\">\n<div>\n<div class=\"quantity\">\n<div class=\"price\">48<\/div>\n<\/div>\n<\/div>\n<\/td>\n<td data-th=\"5 Days\">\n<div>\n<div class=\"quantity\">\n<div class=\"price\">56<\/div>\n<\/div>\n<\/div>\n<\/td>\n<td data-th=\"6\/7 Days\">\n<div>\n<div class=\"quantity\">\n<div class=\"price\">64<\/div>\n<\/div>\n<\/div>\n<\/td>\n<td data-th=\"Extra Days\">\n<div>\n<div class=\"quantity\">\n<div class=\"price\">8<\/div>\n<\/div>\n<\/div>\n<\/td>\n<\/tr>\n<tr class=\"row-red\">\n<th>12-17 ans<\/th>\n<td data-th=\"1 Day\">\n<div>\n<div class=\"quantity\">\n<div class=\"price\">15<\/div>\n<\/div>\n<\/div>\n<\/td>\n<td data-th=\"2 Days\">\n<div>\n<div class=\"quantity\">\n<div class=\"price\">30<\/div>\n<\/div>\n<\/div>\n<\/td>\n<td data-th=\"3 Days\">\n<div>\n<div class=\"quantity\">\n<div class=\"price\">45<\/div>\n<\/div>\n<\/div>\n<\/td>\n<td data-th=\"4 Days\">\n<div>\n<div class=\"quantity\">\n<div class=\"price\">60<\/div>\n<\/div>\n<\/div>\n<\/td>\n<td data-th=\"5 Days\">\n<div>\n<div class=\"quantity\">\n<div class=\"price\">70<\/div>\n<\/div>\n<\/div>\n<\/td>\n<td data-th=\"6\/7 Days\">\n<div>\n<div class=\"quantity\">\n<div class=\"price\">80<\/div>\n<\/div>\n<\/div>\n<\/td>\n<td data-th=\"Extra Days\">\n<div>\n<div class=\"quantity\">\n<div class=\"price\">10<\/div>\n<\/div>\n<\/div>\n<\/td>\n<\/tr>\n<tr class=\"mw_mob_hide\">\n<th><\/th>\n<td data-th=\"1 Day\"><\/td>\n<td data-th=\"2 Days\"><\/td>\n<td data-th=\"3 Days\"><\/td>\n<td data-th=\"4 Days\"><\/td>\n<td data-th=\"5 Days\"><\/td>\n<td data-th=\"6\/7 Days\"><\/td>\n<td data-th=\"Extra Days\"><\/td>\n<\/tr>\n<tr class=\"row-heading mw_prices_yellow\">\n<th>Location de casques junior<\/th>\n<td data-th=\"1 Day\">\n<div>\n<div class=\"quantity\">\n<div class=\"price\">3<\/div>\n<\/div>\n<\/div>\n<\/td>\n<td data-th=\"2 Days\">\n<div>\n<div class=\"quantity\">\n<div class=\"price\">6<\/div>\n<\/div>\n<\/div>\n<\/td>\n<td data-th=\"3 Days\">\n<div class=\"quantity\">\n<div class=\"price\">9<\/div>\n<\/div>\n<\/td>\n<td data-th=\"4 Days\">\n<div>\n<div class=\"quantity\">\n<div class=\"price\">12<\/div>\n<\/div>\n<\/div>\n<\/td>\n<td data-th=\"5 Days\">\n<div>\n<div class=\"quantity\">\n<div class=\"price\">15<\/div>\n<\/div>\n<\/div>\n<\/td>\n<td data-th=\"6\/7 Days\">\n<div>\n<div class=\"quantity\">\n<div class=\"price\">18<\/div>\n<\/div>\n<\/div>\n<\/td>\n<td data-th=\"Extra Days\">\n<div class=\"quantity\">\n<div class=\"price\">3<\/div>\n<\/div>\n<\/td>\n<\/tr>\n<\/tbody>\n<\/table>\n<p><\/p>","protected":false},"excerpt":{"rendered":"<p>\u00a0Prix en Euros Les packs de ski comprennent skis, chaussures et b\u00e2tons. Les packs snowboard comprennent snowboard et boots. Si les chaussures ne sont pas n\u00e9cessaires, celles ci sont d\u00e9duites, voir &lsquo;chaussures non requises&rsquo;. Pack 1 jour 2 jours 3 jours 4 jours 5 jours 6\/7 jours Jours + PACK SKI ADULTE D\u00e9butant\/Eco 20 40 [&hellip;]<\/p>\n","protected":false},"author":1,"featured_media":0,"parent":0,"menu_order":0,"comment_status":"closed","ping_status":"closed","template":"","meta":{"_acf_changed":false,"footnotes":""},"class_list":["post-32","page","type-page","status-publish","hentry"],"acf":[],"_links":{"self":[{"href":"https:\/\/skihirelesgets.com\/fr\/wp-json\/wp\/v2\/pages\/32","targetHints":{"allow":["GET"]}}],"collection":[{"href":"https:\/\/skihirelesgets.com\/fr\/wp-json\/wp\/v2\/pages"}],"about":[{"href":"https:\/\/skihirelesgets.com\/fr\/wp-json\/wp\/v2\/types\/page"}],"author":[{"embeddable":true,"href":"https:\/\/skihirelesgets.com\/fr\/wp-json\/wp\/v2\/users\/1"}],"replies":[{"embeddable":true,"href":"https:\/\/skihirelesgets.com\/fr\/wp-json\/wp\/v2\/comments?post=32"}],"version-history":[{"count":0,"href":"https:\/\/skihirelesgets.com\/fr\/wp-json\/wp\/v2\/pages\/32\/revisions"}],"wp:attachment":[{"href":"https:\/\/skihirelesgets.com\/fr\/wp-json\/wp\/v2\/media?parent=32"}],"curies":[{"name":"wp","href":"https:\/\/api.w.org\/{rel}","templated":true}]}}