{"id":3,"date":"2019-08-05T10:07:23","date_gmt":"2019-08-05T09:07:23","guid":{"rendered":"http:\/\/dev.rollingpixel.com\/?page_id=3"},"modified":"2020-06-04T11:38:13","modified_gmt":"2020-06-04T10:38:13","slug":"privacy-policy","status":"publish","type":"page","link":"https:\/\/skihirelesgets.com\/fr\/privacy-policy\/","title":{"rendered":"Politique de confidentialit\u00e9"},"content":{"rendered":"<p>Cette politique de confidentialit\u00e9 d\u00e9finit comment Madwax utilise et prot\u00e8ge toute information que vous fournissez \u00e0 Madwax lorsque vous utilisez ce site Web.<\/p>\n<p>Madwax s&rsquo;engage \u00e0 garantir la protection de votre vie priv\u00e9e. Si nous vous demandons de fournir certaines informations permettant de vous identifier lors de l&rsquo;utilisation de ce site Web, vous pouvez \u00eatre assur\u00e9 qu&rsquo;elles ne seront utilis\u00e9es qu&rsquo;en conformit\u00e9 avec cette d\u00e9claration de confidentialit\u00e9.<\/p>\n<p>Madwax peut changer cette politique de temps en temps en mettant \u00e0 jour cette page. Vous devriez v\u00e9rifier cette page de temps en temps pour vous assurer que vous \u00eates satisfait de tout changement. Cette politique est effective \u00e0 partir du 15\/12\/19.<\/p>\n<h2>Ce que nous collectons<\/h2>\n<p>Nous pouvons collecter les informations suivantes:<\/p>\n<p>Nom<br \/>\ncoordonn\u00e9es, y compris l&rsquo;adresse e-mail et le num\u00e9ro de t\u00e9l\u00e9phone<br \/>\ninformations d\u00e9mographiques telles que l&rsquo;adresse et le code postal<br \/>\ndes informations physiques telles que la taille, le poids, la pointure et l&rsquo;exp\u00e9rience<br \/>\nautres informations pertinentes pour les enqu\u00eates et \/ ou offres clients<\/p>\n<h2>Que faisons-nous des informations<\/h2>\n<p>Nous avons besoin de ces informations pour comprendre vos besoins et vous fournir un meilleur service, notamment pour les raisons suivantes:<\/p>\n<p>Nous pouvons utiliser les informations pour am\u00e9liorer nos produits et services.<br \/>\nNous pouvons p\u00e9riodiquement envoyer des e-mails promotionnels concernant de nouveaux produits, des offres sp\u00e9ciales ou d&rsquo;autres informations que nous pensons susceptibles de vous int\u00e9resser en utilisant l&rsquo;adresse e-mail que vous avez fournie.<br \/>\nDe temps en temps, nous pouvons \u00e9galement utiliser vos informations pour vous contacter \u00e0 des fins d&rsquo;\u00e9tudes de march\u00e9. Nous pouvons vous contacter par email, t\u00e9l\u00e9phone ou courrier. Nous pouvons utiliser les informations pour personnaliser le site Web en fonction de vos int\u00e9r\u00eats.<\/p>\n<h2>S\u00e9curit\u00e9<\/h2>\n<p>Nous nous engageons \u00e0 garantir la s\u00e9curit\u00e9 de vos informations. Afin d&#8217;emp\u00eacher tout acc\u00e8s ou divulgation non autoris\u00e9s, nous avons mis en place des proc\u00e9dures physiques, \u00e9lectroniques et de gestion appropri\u00e9es pour sauvegarder et s\u00e9curiser les informations que nous collectons en ligne.<\/p>\n<h2>Comment nous utilisons les cookies<\/h2>\n<p>Un cookie est un petit fichier qui demande l&rsquo;autorisation d&rsquo;\u00eatre plac\u00e9 sur le disque dur de votre ordinateur. Une fois que vous \u00eates d&rsquo;accord, le fichier est ajout\u00e9 et le cookie permet d&rsquo;analyser le trafic Web ou vous informe lorsque vous visitez un site particulier. Les cookies permettent aux applications Web de vous r\u00e9pondre en tant qu&rsquo;individu. L&rsquo;application Web peut adapter ses op\u00e9rations \u00e0 vos besoins, vos go\u00fbts et vos aversions en collectant et en m\u00e9morisant des informations sur vos pr\u00e9f\u00e9rences.<br \/>\nNous utilisons des cookies de journal de trafic pour identifier les pages utilis\u00e9es. Cela nous aide \u00e0 analyser les donn\u00e9es sur le trafic des pages Web et \u00e0 am\u00e9liorer notre site Web afin de l&rsquo;adapter aux besoins des clients. Nous n&rsquo;utilisons ces informations qu&rsquo;\u00e0 des fins d&rsquo;analyse statistique, puis les donn\u00e9es sont supprim\u00e9es du syst\u00e8me.<\/p>\n<p>Dans l&rsquo;ensemble, les cookies nous aident \u00e0 vous fournir un meilleur site Web, en nous permettant de surveiller les pages que vous trouvez utiles et celles que vous n&rsquo;utilisez pas. Un cookie ne nous donne en aucun cas acc\u00e8s \u00e0 votre ordinateur ou \u00e0 toute information vous concernant, autre que les donn\u00e9es que vous choisissez de partager avec nous.<\/p>\n<p>Tu peux choisir d&rsquo;accepter ou de refuser les cookies. La plupart des navigateurs Web acceptent automatiquement les cookies, mais vous pouvez g\u00e9n\u00e9ralement modifier les param\u00e8tres de votre navigateur pour refuser les cookies si vous pr\u00e9f\u00e9rez. Cela peut vous emp\u00eacher de profiter pleinement du site Web.<\/p>\n<h2>Liens vers d&rsquo;autres sites Web<\/h2>\n<p>Notre site Web peut contenir des liens vers d&rsquo;autres sites Web d&rsquo;int\u00e9r\u00eat. Cependant, une fois que vous avez utilis\u00e9 ces liens pour quitter notre site, vous devez noter que nous n&rsquo;avons aucun contr\u00f4le sur cet autre site Web. Par cons\u00e9quent, nous ne pouvons \u00eatre tenus responsables de la protection et de la confidentialit\u00e9 des informations que vous fournissez lors de la visite de ces sites et ces sites ne sont pas r\u00e9gis par cette d\u00e9claration de confidentialit\u00e9. Vous devez faire preuve de prudence et consulter la d\u00e9claration de confidentialit\u00e9 applicable au site Web en question.<\/p>\n<h2>Contr\u00f4le de vos informations personnelles<\/h2>\n<p>Vous pouvez choisir de restreindre la collecte ou l&rsquo;utilisation de vos informations personnelles des mani\u00e8res suivantes:<\/p>\n<p>Si vous avez pr\u00e9c\u00e9demment accept\u00e9 que nous utilisions vos informations personnelles \u00e0 des fins de marketing direct, vous pouvez changer d&rsquo;avis \u00e0 tout moment en nous \u00e9crivant ou en nous envoyant un e-mail \u00e0 mattsymonds@yahoo.co.uk.<br \/>\nNous ne vendrons, distribuerons ou louerons vos informations personnelles \u00e0 des tiers que si nous avons votre autorisation ou si la loi nous y oblige.<br \/>\nSi vous pensez que les informations que nous d\u00e9tenons sur vous sont incorrectes ou incompl\u00e8tes, veuillez nous \u00e9crire ou nous envoyer un e-mail d\u00e8s que possible, \u00e0 l&rsquo;adresse ci-dessus. Nous corrigerons rapidement toute information jug\u00e9e incorrecte.<\/p>","protected":false},"excerpt":{"rendered":"<p>Cette politique de confidentialit\u00e9 d\u00e9finit comment Madwax utilise et prot\u00e8ge toute information que vous fournissez \u00e0 Madwax lorsque vous utilisez ce site Web. Madwax s&rsquo;engage \u00e0 garantir la protection de votre vie priv\u00e9e. Si nous vous demandons de fournir certaines informations permettant de vous identifier lors de l&rsquo;utilisation de ce site Web, vous pouvez \u00eatre [&hellip;]<\/p>\n","protected":false},"author":1,"featured_media":0,"parent":0,"menu_order":0,"comment_status":"closed","ping_status":"open","template":"","meta":{"_acf_changed":false,"footnotes":""},"class_list":["post-3","page","type-page","status-publish","hentry"],"acf":[],"_links":{"self":[{"href":"https:\/\/skihirelesgets.com\/fr\/wp-json\/wp\/v2\/pages\/3","targetHints":{"allow":["GET"]}}],"collection":[{"href":"https:\/\/skihirelesgets.com\/fr\/wp-json\/wp\/v2\/pages"}],"about":[{"href":"https:\/\/skihirelesgets.com\/fr\/wp-json\/wp\/v2\/types\/page"}],"author":[{"embeddable":true,"href":"https:\/\/skihirelesgets.com\/fr\/wp-json\/wp\/v2\/users\/1"}],"replies":[{"embeddable":true,"href":"https:\/\/skihirelesgets.com\/fr\/wp-json\/wp\/v2\/comments?post=3"}],"version-history":[{"count":0,"href":"https:\/\/skihirelesgets.com\/fr\/wp-json\/wp\/v2\/pages\/3\/revisions"}],"wp:attachment":[{"href":"https:\/\/skihirelesgets.com\/fr\/wp-json\/wp\/v2\/media?parent=3"}],"curies":[{"name":"wp","href":"https:\/\/api.w.org\/{rel}","templated":true}]}}