{"id":123,"date":"2019-08-08T09:33:37","date_gmt":"2019-08-08T08:33:37","guid":{"rendered":"http:\/\/dev.rollingpixel.com\/?page_id=123"},"modified":"2024-12-07T13:52:56","modified_gmt":"2024-12-07T13:52:56","slug":"homepage","status":"publish","type":"page","link":"https:\/\/skihirelesgets.com\/fr\/","title":{"rendered":"Homepage"},"content":{"rendered":"<p>Situ\u00e9 au c\u0153ur des Portes du Soleil, dans les Alpes du Nord fran\u00e7aises, comprennant Les Gets, Morzine et les villages environnants, Madwax propose depuis 2002 des \u00e9quipements de sports d&rsquo;hiver de qualit\u00e9 \u00e0 des prix comp\u00e9titifs.<\/p>\n<p>En utilisant Madwax pour r\u00e9server et louer vos skis et snowboards, vous optez pour un service professionnel et personnalis\u00e9. Consultez nos tarifs, faites une r\u00e9servation en ligne et soyez pr\u00eats \u00e0 d\u00e9valer les pistes en toute confiance.<\/p>\n<p><a href=\"\/fr\/price-list\/\">Liste des prix<i class=\"fa fa-angle-right fa-4\" aria-hidden=\"true\"><\/i><\/a><a href=\"\/fr\/product-category\/men-skis\/\">R\u00e9servez votre \u00e9quipement maintenant<i class=\"fa fa-angle-right fa-4\" aria-hidden=\"true\"><\/i><\/a><\/p>","protected":false},"excerpt":{"rendered":"<p>Situ\u00e9 au c\u0153ur des Portes du Soleil, dans les Alpes du Nord fran\u00e7aises, comprennant Les Gets, Morzine et les villages environnants, Madwax propose depuis 2002 des \u00e9quipements de sports d&rsquo;hiver de qualit\u00e9 \u00e0 des prix comp\u00e9titifs. En utilisant Madwax pour r\u00e9server et louer vos skis et snowboards, vous optez pour un service professionnel et personnalis\u00e9. [&hellip;]<\/p>\n","protected":false},"author":1,"featured_media":125,"parent":0,"menu_order":0,"comment_status":"closed","ping_status":"closed","template":"homepage.php","meta":{"_acf_changed":false,"footnotes":""},"class_list":["post-123","page","type-page","status-publish","has-post-thumbnail","hentry"],"acf":[],"_links":{"self":[{"href":"https:\/\/skihirelesgets.com\/fr\/wp-json\/wp\/v2\/pages\/123","targetHints":{"allow":["GET"]}}],"collection":[{"href":"https:\/\/skihirelesgets.com\/fr\/wp-json\/wp\/v2\/pages"}],"about":[{"href":"https:\/\/skihirelesgets.com\/fr\/wp-json\/wp\/v2\/types\/page"}],"author":[{"embeddable":true,"href":"https:\/\/skihirelesgets.com\/fr\/wp-json\/wp\/v2\/users\/1"}],"replies":[{"embeddable":true,"href":"https:\/\/skihirelesgets.com\/fr\/wp-json\/wp\/v2\/comments?post=123"}],"version-history":[{"count":0,"href":"https:\/\/skihirelesgets.com\/fr\/wp-json\/wp\/v2\/pages\/123\/revisions"}],"wp:featuredmedia":[{"embeddable":true,"href":"https:\/\/skihirelesgets.com\/fr\/wp-json\/wp\/v2\/media\/125"}],"wp:attachment":[{"href":"https:\/\/skihirelesgets.com\/fr\/wp-json\/wp\/v2\/media?parent=123"}],"curies":[{"name":"wp","href":"https:\/\/api.w.org\/{rel}","templated":true}]}}